{"id":484,"date":"2024-12-26T13:48:49","date_gmt":"2024-12-26T13:48:49","guid":{"rendered":"https:\/\/lab.audentia.cl\/?page_id=484"},"modified":"2025-07-09T17:09:03","modified_gmt":"2025-07-09T17:09:03","slug":"noticias","status":"publish","type":"page","link":"https:\/\/pdnd.cl\/en\/noticias\/","title":{"rendered":"News"},"content":{"rendered":"<div data-elementor-type=\"wp-page\" data-elementor-id=\"484\" class=\"elementor elementor-484\">\n\t\t\t\t<div class=\"elementor-element elementor-element-a6e82da e-flex e-con-boxed e-con e-parent\" data-id=\"a6e82da\" data-element_type=\"container\" data-settings=\"{&quot;background_background&quot;:&quot;video&quot;,&quot;background_video_link&quot;:&quot;https:\\\/\\\/pdnd.cl\\\/wp-content\\\/uploads\\\/2025\\\/04\\\/video-web_2.mp4&quot;,&quot;background_play_on_mobile&quot;:&quot;yes&quot;}\">\n\t\t\t\t\t<div class=\"e-con-inner\">\n\t\t<div class=\"elementor-background-video-container\">\n\t\t\t\t\t\t\t<video class=\"elementor-background-video-hosted\" autoplay muted playsinline loop><\/video>\n\t\t\t\t\t<\/div><div class=\"elementor-element elementor-element-60e17b1 e-con-full e-flex e-con e-child\" data-id=\"60e17b1\" data-element_type=\"container\" data-settings=\"{&quot;background_background&quot;:&quot;classic&quot;}\">\n\t\t\t\t<div class=\"elementor-element elementor-element-0845859 elementor-widget__width-inherit animated-fast elementor-invisible elementor-widget elementor-widget-heading\" data-id=\"0845859\" data-element_type=\"widget\" data-settings=\"{&quot;_animation&quot;:&quot;fadeInLeft&quot;}\" data-widget_type=\"heading.default\">\n\t\t\t\t<div class=\"elementor-widget-container\">\n\t\t\t\t\t<h2 class=\"elementor-heading-title elementor-size-default\">News<\/h2>\t\t\t\t<\/div>\n\t\t\t\t<\/div>\n\t\t\t\t<\/div>\n\t\t\t\t\t<\/div>\n\t\t\t\t<\/div>\n\t\t<div class=\"elementor-element elementor-element-8a7b398 e-flex e-con-boxed e-con e-parent\" data-id=\"8a7b398\" data-element_type=\"container\">\n\t\t\t\t\t<div class=\"e-con-inner\">\n\t\t\t\t<div class=\"elementor-element elementor-element-cb2b995 elementor-grid-eael-col-4 elementor-grid-tablet-eael-col-2 elementor-grid-mobile-eael-col-1 elementor-widget elementor-widget-eael-post-grid\" data-id=\"cb2b995\" data-element_type=\"widget\" data-settings=\"{&quot;eael_post_grid_columns&quot;:&quot;eael-col-4&quot;,&quot;eael_post_grid_columns_tablet&quot;:&quot;eael-col-2&quot;,&quot;eael_post_grid_columns_mobile&quot;:&quot;eael-col-1&quot;}\" data-widget_type=\"eael-post-grid.default\">\n\t\t\t\t<div class=\"elementor-widget-container\">\n\t\t\t\t\t<div id=\"eael-post-grid-cb2b995\" class=\"eael-post-grid-container\">\n            <div class=\"eael-post-grid eael-post-appender eael-post-appender-cb2b995 eael-post-grid-style-one\" data-layout-mode=\"masonry\"><article class=\"eael-grid-post eael-post-grid-column\" data-id=\"644\">\n        <div class=\"eael-grid-post-holder\">\n            <div class=\"eael-grid-post-holder-inner\"><div class=\"eael-entry-media\"><div class=\"eael-entry-overlay fade-in\"><i class=\"fas fa-long-arrow-alt-right\" aria-hidden=\"true\"><\/i><a href=\"https:\/\/pdnd.cl\/en\/2023\/01\/30\/newsletter-pdnd-abogados-enero-2023\/\"><\/a><\/div><div class=\"eael-entry-thumbnail\">\n                <img fetchpriority=\"high\" decoding=\"async\" width=\"1024\" height=\"630\" src=\"https:\/\/pdnd.cl\/wp-content\/uploads\/2024\/11\/News-Julio-2022-1024x630.png\" class=\"attachment-large size-large wp-image-466\" alt=\"\" srcset=\"https:\/\/pdnd.cl\/wp-content\/uploads\/2024\/11\/News-Julio-2022-1024x630.png 1024w, https:\/\/pdnd.cl\/wp-content\/uploads\/2024\/11\/News-Julio-2022-300x185.png 300w, https:\/\/pdnd.cl\/wp-content\/uploads\/2024\/11\/News-Julio-2022-768x473.png 768w, https:\/\/pdnd.cl\/wp-content\/uploads\/2024\/11\/News-Julio-2022.png 1527w\" sizes=\"(max-width: 1024px) 100vw, 1024px\" \/>\n            <\/div>\n        <\/div><div class=\"eael-entry-wrapper\"><header class=\"eael-entry-header\"><h2 class=\"eael-entry-title\"><a class=\"eael-grid-post-link\" href=\"https:\/\/pdnd.cl\/en\/2023\/01\/30\/newsletter-pdnd-abogados-enero-2023\/\" title=\"Newsletter PDND Abogados | Enero 2023\">Newsletter PDND Abogados | Enero 2023<\/a><\/h2><\/header><div class=\"eael-entry-content\">\n                        <div class=\"eael-grid-post-excerpt\"><a href=\"https:\/\/pdnd.cl\/en\/2023\/01\/30\/newsletter-pdnd-abogados-enero-2023\/\" class=\"eael-post-elements-readmore-btn\">Leer m\u00e1s<\/a><\/div>\n                    <\/div><div class=\"eael-entry-footer\"><div class=\"eael-entry-meta\"><\/div><\/div><\/div><\/div>\n        <\/div>\n    <\/article><article class=\"eael-grid-post eael-post-grid-column\" data-id=\"643\">\n        <div class=\"eael-grid-post-holder\">\n            <div class=\"eael-grid-post-holder-inner\"><div class=\"eael-entry-media\"><div class=\"eael-entry-overlay fade-in\"><i class=\"fas fa-long-arrow-alt-right\" aria-hidden=\"true\"><\/i><a href=\"https:\/\/pdnd.cl\/en\/2022\/12\/30\/newsletter-pdnd-abogados-diciembre-2022\/\"><\/a><\/div><div class=\"eael-entry-thumbnail\">\n                <img fetchpriority=\"high\" decoding=\"async\" width=\"1024\" height=\"630\" src=\"https:\/\/pdnd.cl\/wp-content\/uploads\/2024\/11\/News-Julio-2022-1024x630.png\" class=\"attachment-large size-large wp-image-466\" alt=\"\" srcset=\"https:\/\/pdnd.cl\/wp-content\/uploads\/2024\/11\/News-Julio-2022-1024x630.png 1024w, https:\/\/pdnd.cl\/wp-content\/uploads\/2024\/11\/News-Julio-2022-300x185.png 300w, https:\/\/pdnd.cl\/wp-content\/uploads\/2024\/11\/News-Julio-2022-768x473.png 768w, https:\/\/pdnd.cl\/wp-content\/uploads\/2024\/11\/News-Julio-2022.png 1527w\" sizes=\"(max-width: 1024px) 100vw, 1024px\" \/>\n            <\/div>\n        <\/div><div class=\"eael-entry-wrapper\"><header class=\"eael-entry-header\"><h2 class=\"eael-entry-title\"><a class=\"eael-grid-post-link\" href=\"https:\/\/pdnd.cl\/en\/2022\/12\/30\/newsletter-pdnd-abogados-diciembre-2022\/\" title=\"Newsletter PDND Abogados | Diciembre 2022\">Newsletter PDND Abogados | Diciembre 2022<\/a><\/h2><\/header><div class=\"eael-entry-content\">\n                        <div class=\"eael-grid-post-excerpt\"><a href=\"https:\/\/pdnd.cl\/en\/2022\/12\/30\/newsletter-pdnd-abogados-diciembre-2022\/\" class=\"eael-post-elements-readmore-btn\">Leer m\u00e1s<\/a><\/div>\n                    <\/div><div class=\"eael-entry-footer\"><div class=\"eael-entry-meta\"><\/div><\/div><\/div><\/div>\n        <\/div>\n    <\/article><article class=\"eael-grid-post eael-post-grid-column\" data-id=\"642\">\n        <div class=\"eael-grid-post-holder\">\n            <div class=\"eael-grid-post-holder-inner\"><div class=\"eael-entry-media\"><div class=\"eael-entry-overlay fade-in\"><i class=\"fas fa-long-arrow-alt-right\" aria-hidden=\"true\"><\/i><a href=\"https:\/\/pdnd.cl\/en\/2022\/10\/30\/newsletter-pdnd-abogados-octubre-2022\/\"><\/a><\/div><div class=\"eael-entry-thumbnail\">\n                <img fetchpriority=\"high\" decoding=\"async\" width=\"1024\" height=\"630\" src=\"https:\/\/pdnd.cl\/wp-content\/uploads\/2024\/11\/News-Julio-2022-1024x630.png\" class=\"attachment-large size-large wp-image-466\" alt=\"\" srcset=\"https:\/\/pdnd.cl\/wp-content\/uploads\/2024\/11\/News-Julio-2022-1024x630.png 1024w, https:\/\/pdnd.cl\/wp-content\/uploads\/2024\/11\/News-Julio-2022-300x185.png 300w, https:\/\/pdnd.cl\/wp-content\/uploads\/2024\/11\/News-Julio-2022-768x473.png 768w, https:\/\/pdnd.cl\/wp-content\/uploads\/2024\/11\/News-Julio-2022.png 1527w\" sizes=\"(max-width: 1024px) 100vw, 1024px\" \/>\n            <\/div>\n        <\/div><div class=\"eael-entry-wrapper\"><header class=\"eael-entry-header\"><h2 class=\"eael-entry-title\"><a class=\"eael-grid-post-link\" href=\"https:\/\/pdnd.cl\/en\/2022\/10\/30\/newsletter-pdnd-abogados-octubre-2022\/\" title=\"Newsletter PDND Abogados | Octubre 2022\">Newsletter PDND Abogados | Octubre 2022<\/a><\/h2><\/header><div class=\"eael-entry-content\">\n                        <div class=\"eael-grid-post-excerpt\"><a href=\"https:\/\/pdnd.cl\/en\/2022\/10\/30\/newsletter-pdnd-abogados-octubre-2022\/\" class=\"eael-post-elements-readmore-btn\">Leer m\u00e1s<\/a><\/div>\n                    <\/div><div class=\"eael-entry-footer\"><div class=\"eael-entry-meta\"><\/div><\/div><\/div><\/div>\n        <\/div>\n    <\/article><article class=\"eael-grid-post eael-post-grid-column\" data-id=\"640\">\n        <div class=\"eael-grid-post-holder\">\n            <div class=\"eael-grid-post-holder-inner\"><div class=\"eael-entry-media\"><div class=\"eael-entry-overlay fade-in\"><i class=\"fas fa-long-arrow-alt-right\" aria-hidden=\"true\"><\/i><a href=\"https:\/\/pdnd.cl\/en\/2022\/09\/30\/newsletter-pdnd-abogados-septiembre-2022\/\"><\/a><\/div><div class=\"eael-entry-thumbnail\">\n                <img fetchpriority=\"high\" decoding=\"async\" width=\"1024\" height=\"630\" src=\"https:\/\/pdnd.cl\/wp-content\/uploads\/2024\/11\/News-Julio-2022-1024x630.png\" class=\"attachment-large size-large wp-image-466\" alt=\"\" srcset=\"https:\/\/pdnd.cl\/wp-content\/uploads\/2024\/11\/News-Julio-2022-1024x630.png 1024w, https:\/\/pdnd.cl\/wp-content\/uploads\/2024\/11\/News-Julio-2022-300x185.png 300w, https:\/\/pdnd.cl\/wp-content\/uploads\/2024\/11\/News-Julio-2022-768x473.png 768w, https:\/\/pdnd.cl\/wp-content\/uploads\/2024\/11\/News-Julio-2022.png 1527w\" sizes=\"(max-width: 1024px) 100vw, 1024px\" \/>\n            <\/div>\n        <\/div><div class=\"eael-entry-wrapper\"><header class=\"eael-entry-header\"><h2 class=\"eael-entry-title\"><a class=\"eael-grid-post-link\" href=\"https:\/\/pdnd.cl\/en\/2022\/09\/30\/newsletter-pdnd-abogados-septiembre-2022\/\" title=\"Newsletter PDND Abogados | Septiembre 2022\">Newsletter PDND Abogados | Septiembre 2022<\/a><\/h2><\/header><div class=\"eael-entry-content\">\n                        <div class=\"eael-grid-post-excerpt\"><a href=\"https:\/\/pdnd.cl\/en\/2022\/09\/30\/newsletter-pdnd-abogados-septiembre-2022\/\" class=\"eael-post-elements-readmore-btn\">Leer m\u00e1s<\/a><\/div>\n                    <\/div><div class=\"eael-entry-footer\"><div class=\"eael-entry-meta\"><\/div><\/div><\/div><\/div>\n        <\/div>\n    <\/article><\/div>\n            <div class=\"clearfix\"><\/div>\n        <\/div>            <div class=\"eael-load-more-button-wrap\">\n                <button class=\"eael-load-more-button\" id=\"eael-load-more-btn-cb2b995\" data-widget-id=\"cb2b995\" data-widget=\"cb2b995\" data-page-id=\"484\" data-template=\"{&quot;dir&quot;:&quot;lite&quot;,&quot;file_name&quot;:&quot;one.php&quot;,&quot;name&quot;:&quot;Post-Grid&quot;}\" data-class=\"Essential_Addons_Elementor\\Elements\\Post_Grid\" data-layout=\"masonry\" data-page=\"1\" data-args=\"orderby=date&amp;order=desc&amp;ignore_sticky_posts=1&amp;post_status=publish&amp;posts_per_page=4&amp;offset=0&amp;post_type=post\" data-max-page=\"2\">\n                    <span class=\"eael-btn-loader button__loader\"><\/span>\n                    <span class=\"eael_load_more_text\">See older news<\/span>\n                <\/button>\n            <\/div>\n            \t\t\t\t<\/div>\n\t\t\t\t<\/div>\n\t\t\t\t\t<\/div>\n\t\t\t\t<\/div>\n\t\t<div class=\"elementor-element elementor-element-912c8fc e-flex e-con-boxed e-con e-parent\" data-id=\"912c8fc\" data-element_type=\"container\">\n\t\t\t\t\t<div class=\"e-con-inner\">\n\t\t\t\t\t<\/div>\n\t\t\t\t<\/div>\n\t\t<div class=\"elementor-element elementor-element-641d00c elementor-hidden-mobile e-flex e-con-boxed e-con e-parent\" data-id=\"641d00c\" data-element_type=\"container\">\n\t\t\t\t\t<div class=\"e-con-inner\">\n\t\t\t\t<div class=\"elementor-element elementor-element-aa76e85 elementor-widget elementor-widget-spacer\" data-id=\"aa76e85\" data-element_type=\"widget\" data-widget_type=\"spacer.default\">\n\t\t\t\t<div class=\"elementor-widget-container\">\n\t\t\t\t\t\t\t<div class=\"elementor-spacer\">\n\t\t\t<div class=\"elementor-spacer-inner\"><\/div>\n\t\t<\/div>\n\t\t\t\t\t\t<\/div>\n\t\t\t\t<\/div>\n\t\t\t\t\t<\/div>\n\t\t\t\t<\/div>\n\t\t\t\t<\/div>","protected":false},"excerpt":{"rendered":"<p>Noticias Newsletter PDND Abogados | Enero 2023 Leer m\u00e1s Newsletter PDND Abogados | Diciembre 2022 Leer m\u00e1s Newsletter PDND Abogados | Octubre 2022 Leer m\u00e1s Newsletter PDND Abogados | Septiembre 2022 Leer m\u00e1s Ver m\u00e1s antiguas<\/p>","protected":false},"author":1,"featured_media":0,"parent":0,"menu_order":0,"comment_status":"closed","ping_status":"closed","template":"","meta":{"footnotes":""},"class_list":["post-484","page","type-page","status-publish","hentry"],"_links":{"self":[{"href":"https:\/\/pdnd.cl\/en\/wp-json\/wp\/v2\/pages\/484","targetHints":{"allow":["GET"]}}],"collection":[{"href":"https:\/\/pdnd.cl\/en\/wp-json\/wp\/v2\/pages"}],"about":[{"href":"https:\/\/pdnd.cl\/en\/wp-json\/wp\/v2\/types\/page"}],"author":[{"embeddable":true,"href":"https:\/\/pdnd.cl\/en\/wp-json\/wp\/v2\/users\/1"}],"replies":[{"embeddable":true,"href":"https:\/\/pdnd.cl\/en\/wp-json\/wp\/v2\/comments?post=484"}],"version-history":[{"count":16,"href":"https:\/\/pdnd.cl\/en\/wp-json\/wp\/v2\/pages\/484\/revisions"}],"predecessor-version":[{"id":1131,"href":"https:\/\/pdnd.cl\/en\/wp-json\/wp\/v2\/pages\/484\/revisions\/1131"}],"wp:attachment":[{"href":"https:\/\/pdnd.cl\/en\/wp-json\/wp\/v2\/media?parent=484"}],"curies":[{"name":"wp","href":"https:\/\/api.w.org\/{rel}","templated":true}]}}